{"id":1039,"date":"2020-05-08T15:11:30","date_gmt":"2020-05-08T15:11:30","guid":{"rendered":"https:\/\/ydea.es\/?page_id=1039"},"modified":"2021-05-09T11:51:07","modified_gmt":"2021-05-09T11:51:07","slug":"use-it-salamanca","status":"publish","type":"page","link":"https:\/\/ydea.es\/en\/use-it-salamanca\/","title":{"rendered":"USE-IT Salamanca"},"content":{"rendered":"<p>S\u00ed\u00ed\u00ed, tambi\u00e9n Salamanca tiene su propio <a href=\"https:\/\/www.use-it.travel\/cities\/detail\/salamanca\/\" target=\"_blank\" rel=\"noreferrer noopener\">mapa USE-IT<\/a>. \u00a1Ah!, \u00bfno sabes qu\u00e9 es? Entonces sigue leyendo.<\/p>\n\n\n\n<div class=\"wp-block-group\"><div class=\"wp-block-group__inner-container is-layout-flow wp-block-group-is-layout-flow\">\n<h2 class=\"wp-block-heading\">What is a USE-IT map<\/h2>\n\n\n\n<div class=\"wp-block-media-text is-stacked-on-mobile\"><figure class=\"wp-block-media-text__media\"><img fetchpriority=\"high\" decoding=\"async\" width=\"1024\" height=\"683\" src=\"https:\/\/ydea.es\/wp-content\/uploads\/2021\/05\/USE-IT-mockup-travel-ENG-smaller-1024x683.jpg\" alt=\"\" class=\"wp-image-1143 size-full\" srcset=\"https:\/\/ydea.es\/wp-content\/uploads\/2021\/05\/USE-IT-mockup-travel-ENG-smaller-1024x683.jpg 1024w, https:\/\/ydea.es\/wp-content\/uploads\/2021\/05\/USE-IT-mockup-travel-ENG-smaller-300x200.jpg 300w, https:\/\/ydea.es\/wp-content\/uploads\/2021\/05\/USE-IT-mockup-travel-ENG-smaller-768x512.jpg 768w, https:\/\/ydea.es\/wp-content\/uploads\/2021\/05\/USE-IT-mockup-travel-ENG-smaller-1536x1024.jpg 1536w, https:\/\/ydea.es\/wp-content\/uploads\/2021\/05\/USE-IT-mockup-travel-ENG-smaller-2048x1365.jpg 2048w, https:\/\/ydea.es\/wp-content\/uploads\/2021\/05\/USE-IT-mockup-travel-ENG-smaller-16x12.jpg 16w, https:\/\/ydea.es\/wp-content\/uploads\/2021\/05\/USE-IT-mockup-travel-ENG-smaller-930x620.jpg 930w, https:\/\/ydea.es\/wp-content\/uploads\/2021\/05\/USE-IT-mockup-travel-ENG-smaller-24x16.jpg 24w, https:\/\/ydea.es\/wp-content\/uploads\/2021\/05\/USE-IT-mockup-travel-ENG-smaller-36x24.jpg 36w, https:\/\/ydea.es\/wp-content\/uploads\/2021\/05\/USE-IT-mockup-travel-ENG-smaller-48x32.jpg 48w\" sizes=\"(max-width: 1024px) 100vw, 1024px\" \/><\/figure><div class=\"wp-block-media-text__content\">\n<p>A USE-IT map is what we call an authentic map. A map, which will show you the city as if you had a local person at hand. This map will take you to the places that you would hardly find on your own or you just wouldn't think of looking for them. You can't find any  \u00abbull?\u00bb on this map. Everything on the map is recommended to you, by local people or by those of us who have been \"invading\" this city for several years. No private interests, just that you enjoy the city.<\/p>\n\n\n\n<p>USE-IT Salamanca is not just a map. It is a guide that will help you achieve an unforgettable experience and once you try it, you will want to look for it in other countries as well.<\/p>\n<\/div><\/div>\n<\/div><\/div>\n\n\n\n<h2 class=\"wp-block-heading\">What exactly does it contain<\/h2>\n\n\n\n<p>On the map you will find the bars, restaurants and taverns most recommended especially by the young people of Salamanca. Thanks to the map you will know what time to go, you will have a clearer idea of \u200b\u200bwhat to ask for and how much it will cost. But that is not all. It will also take you to the monuments, museums, places of entertainment and a good \"chill\" that we think you should not miss. <\/p>\n\n\n\n<p>The map will help you better understand the people of Salamanca, you will get several useful information and we will tell you about the \"oddities\" we have.<\/p>\n\n\n\n<h2 class=\"wp-block-heading\">Where you can get it<\/h2>\n\n\n\n<p>As soon as it comes out (May 2021), you can catch it <strong>totally FOR FREE<\/strong> at the Tourist Office and in many other places. But we will inform you of them when they are there. You can also download it here in PDF or <a href=\"https:\/\/www.use-it.travel\/cities\/detail\/salamanca\/\" target=\"_blank\" rel=\"noreferrer noopener\">print it<\/a> at home. So you come prepared. <\/p>\n\n\n\n<div class=\"wp-block-buttons is-layout-flex wp-block-buttons-is-layout-flex\">\n<div class=\"wp-block-button\"><a class=\"wp-block-button__link\" href=\"https:\/\/ydea.es\/wp-content\/uploads\/2021\/05\/SALAMANCA_USE-IT_EN_5MB.pdf\" target=\"_blank\" rel=\"noreferrer noopener\">MAPA USE-IT ESPA\u00d1OL (pdf 5,4mb)<\/a><\/div>\n\n\n\n<div class=\"wp-block-button\"><a class=\"wp-block-button__link\" href=\"https:\/\/ydea.es\/wp-content\/uploads\/2021\/05\/SALAMANCA_USE-IT_EN_5MB.pdf\" target=\"_blank\" rel=\"noreferrer noopener\">USE-IT MAP English (PDF 5MB)<\/a><\/div>\n<\/div>\n\n\n\n<p><\/p>\n\n\n\n<h2 class=\"wp-block-heading\">Why USE-IT?<\/h2>\n\n\n\n<p>Because USE-IT is a network whose goal is exactly the same as ours at YDEA - to do things that make sense and to help travelers who have the <strong>most authentic experience possible<\/strong>. We are sure that if you will not bring from Salamanca anything else, the USE-IT map Salamanca will be <strong>your real souvenir<\/strong>. In addition, you can find USE-IT maps also in many European countries: Belgium, Netherland, Poland, Czech Republic, Germany, France, Portugal, Italy, Austria, Croatia,\u2026 And we want Salamanca to be part of this wonderful project. Go to the page of <a rel=\"noreferrer noopener\" href=\"https:\/\/www.use-it.travel\/home\" target=\"_blank\">use-it.travel<\/a>. They may have that map at your next destination as well.<\/p>\n\n\n\n<p>If you want to know more about the map or you would be interested in participating in its creation, write us on our<a href=\"https:\/\/www.facebook.com\/useitsalamanca\/\" target=\"_blank\" rel=\"noreferrer noopener\">Facebook<\/a>, <a href=\"https:\/\/www.instagram.com\/useitsalamanca\/\" target=\"_blank\" rel=\"noreferrer noopener\">Instagram<\/a>or send us an email <a href=\"mailto:useitsalamanca@gmail.com\">useitsalamanca@gmail.com<\/a>.<\/p>\n\n\n\n<div class=\"wp-block-buttons is-layout-flex wp-block-buttons-is-layout-flex\">\n<div class=\"wp-block-button\"><a class=\"wp-block-button__link\" href=\"https:\/\/ydea.es\/en\/\">Back to top<\/a><\/div>\n<\/div>\n\n\n\n<p><\/p>","protected":false},"excerpt":{"rendered":"<p>S\u00ed\u00ed\u00ed, tambi\u00e9n Salamanca tiene su propio mapa USE-IT. \u00a1Ah!, \u00bfno sabes qu\u00e9 es? Entonces sigue leyendo. Qu\u00e9 es un mapa USE-IT Un mapa USE-IT es lo que llamamos un mapa aut\u00e9ntico. Un mapa, que te va a ense\u00f1ar la ciudad como si tuvieras una persona local a mano. Este mapa te llevar\u00e1 a los sitios&hellip;&nbsp;<a href=\"https:\/\/ydea.es\/en\/use-it-salamanca\/\" rel=\"bookmark\">Read More &raquo;<span class=\"screen-reader-text\">USE-IT Salamanca<\/span><\/a><\/p>","protected":false},"author":1,"featured_media":0,"parent":0,"menu_order":0,"comment_status":"closed","ping_status":"closed","template":"","meta":{"neve_meta_sidebar":"full-width","neve_meta_container":"","neve_meta_enable_content_width":"on","neve_meta_content_width":100,"neve_meta_title_alignment":"","neve_meta_author_avatar":"","neve_post_elements_order":"","neve_meta_disable_header":"","neve_meta_disable_footer":"","neve_meta_disable_title":"","_themeisle_gutenberg_block_has_review":false,"footnotes":""},"class_list":["post-1039","page","type-page","status-publish","hentry"],"yoast_head":"<!-- This site is optimized with the Yoast SEO plugin v27.4 - https:\/\/yoast.com\/product\/yoast-seo-wordpress\/ -->\n<title>USE-IT Salamanca - Un mapa de la ciudad aut\u00e9ntico<\/title>\n<meta name=\"description\" content=\"Un mapa, que te va a ense\u00f1ar la ciudad como si tuvieras una persona local a mano. En este mapa no encuentras ning\u00fan &quot;bull?&quot;\" \/>\n<meta name=\"robots\" content=\"index, follow, max-snippet:-1, max-image-preview:large, max-video-preview:-1\" \/>\n<link rel=\"canonical\" href=\"https:\/\/ydea.es\/en\/use-it-salamanca\/\" \/>\n<meta property=\"og:locale\" content=\"en_GB\" \/>\n<meta property=\"og:type\" content=\"article\" \/>\n<meta property=\"og:title\" content=\"USE-IT Salamanca - Un mapa de la ciudad aut\u00e9ntico\" \/>\n<meta property=\"og:description\" content=\"Un mapa, que te va a ense\u00f1ar la ciudad como si tuvieras una persona local a mano. En este mapa no encuentras ning\u00fan &quot;bull?&quot;\" \/>\n<meta property=\"og:url\" content=\"https:\/\/ydea.es\/en\/use-it-salamanca\/\" \/>\n<meta property=\"og:site_name\" content=\"YDEA - Youth Development Association\" \/>\n<meta property=\"article:modified_time\" content=\"2021-05-09T11:51:07+00:00\" \/>\n<meta property=\"og:image\" content=\"https:\/\/ydea.es\/wp-content\/uploads\/2021\/05\/USE-IT-mockup-travel-ENG-smaller-1024x683.jpg\" \/>\n<meta name=\"twitter:card\" content=\"summary_large_image\" \/>\n<meta name=\"twitter:label1\" content=\"Estimated reading time\" \/>\n\t<meta name=\"twitter:data1\" content=\"3 minutes\" \/>\n<script type=\"application\/ld+json\" class=\"yoast-schema-graph\">{\"@context\":\"https:\\\/\\\/schema.org\",\"@graph\":[{\"@type\":\"WebPage\",\"@id\":\"https:\\\/\\\/ydea.es\\\/use-it-salamanca\\\/\",\"url\":\"https:\\\/\\\/ydea.es\\\/use-it-salamanca\\\/\",\"name\":\"USE-IT Salamanca - Un mapa de la ciudad aut\u00e9ntico\",\"isPartOf\":{\"@id\":\"https:\\\/\\\/ydea.es\\\/en\\\/#website\"},\"primaryImageOfPage\":{\"@id\":\"https:\\\/\\\/ydea.es\\\/use-it-salamanca\\\/#primaryimage\"},\"image\":{\"@id\":\"https:\\\/\\\/ydea.es\\\/use-it-salamanca\\\/#primaryimage\"},\"thumbnailUrl\":\"https:\\\/\\\/ydea.es\\\/wp-content\\\/uploads\\\/2021\\\/05\\\/USE-IT-mockup-travel-ENG-smaller-1024x683.jpg\",\"datePublished\":\"2020-05-08T15:11:30+00:00\",\"dateModified\":\"2021-05-09T11:51:07+00:00\",\"description\":\"Un mapa, que te va a ense\u00f1ar la ciudad como si tuvieras una persona local a mano. En este mapa no encuentras ning\u00fan \\\"bull?\\\"\",\"breadcrumb\":{\"@id\":\"https:\\\/\\\/ydea.es\\\/use-it-salamanca\\\/#breadcrumb\"},\"inLanguage\":\"en-GB\",\"potentialAction\":[{\"@type\":\"ReadAction\",\"target\":[\"https:\\\/\\\/ydea.es\\\/use-it-salamanca\\\/\"]}]},{\"@type\":\"ImageObject\",\"inLanguage\":\"en-GB\",\"@id\":\"https:\\\/\\\/ydea.es\\\/use-it-salamanca\\\/#primaryimage\",\"url\":\"https:\\\/\\\/ydea.es\\\/wp-content\\\/uploads\\\/2021\\\/05\\\/USE-IT-mockup-travel-ENG-smaller-1024x683.jpg\",\"contentUrl\":\"https:\\\/\\\/ydea.es\\\/wp-content\\\/uploads\\\/2021\\\/05\\\/USE-IT-mockup-travel-ENG-smaller-1024x683.jpg\"},{\"@type\":\"BreadcrumbList\",\"@id\":\"https:\\\/\\\/ydea.es\\\/use-it-salamanca\\\/#breadcrumb\",\"itemListElement\":[{\"@type\":\"ListItem\",\"position\":1,\"name\":\"Home\",\"item\":\"https:\\\/\\\/ydea.es\\\/\"},{\"@type\":\"ListItem\",\"position\":2,\"name\":\"USE-IT Salamanca\"}]},{\"@type\":\"WebSite\",\"@id\":\"https:\\\/\\\/ydea.es\\\/en\\\/#website\",\"url\":\"https:\\\/\\\/ydea.es\\\/en\\\/\",\"name\":\"YDEA - Youth Development Association\",\"description\":\"Youth Development Association\",\"publisher\":{\"@id\":\"https:\\\/\\\/ydea.es\\\/en\\\/#organization\"},\"potentialAction\":[{\"@type\":\"SearchAction\",\"target\":{\"@type\":\"EntryPoint\",\"urlTemplate\":\"https:\\\/\\\/ydea.es\\\/en\\\/?s={search_term_string}\"},\"query-input\":{\"@type\":\"PropertyValueSpecification\",\"valueRequired\":true,\"valueName\":\"search_term_string\"}}],\"inLanguage\":\"en-GB\"},{\"@type\":\"Organization\",\"@id\":\"https:\\\/\\\/ydea.es\\\/en\\\/#organization\",\"name\":\"YDEA - Youth Development Association\",\"url\":\"https:\\\/\\\/ydea.es\\\/en\\\/\",\"logo\":{\"@type\":\"ImageObject\",\"inLanguage\":\"en-GB\",\"@id\":\"https:\\\/\\\/ydea.es\\\/en\\\/#\\\/schema\\\/logo\\\/image\\\/\",\"url\":\"https:\\\/\\\/ydea.es\\\/wp-content\\\/uploads\\\/2020\\\/02\\\/cropped-YDEA-logo-no-background.png\",\"contentUrl\":\"https:\\\/\\\/ydea.es\\\/wp-content\\\/uploads\\\/2020\\\/02\\\/cropped-YDEA-logo-no-background.png\",\"width\":500,\"height\":186,\"caption\":\"YDEA - Youth Development Association\"},\"image\":{\"@id\":\"https:\\\/\\\/ydea.es\\\/en\\\/#\\\/schema\\\/logo\\\/image\\\/\"}}]}<\/script>\n<!-- \/ Yoast SEO plugin. -->","yoast_head_json":{"title":"USE-IT Salamanca - Un mapa de la ciudad aut\u00e9ntico","description":"Un mapa, que te va a ense\u00f1ar la ciudad como si tuvieras una persona local a mano. En este mapa no encuentras ning\u00fan \"bull?\"","robots":{"index":"index","follow":"follow","max-snippet":"max-snippet:-1","max-image-preview":"max-image-preview:large","max-video-preview":"max-video-preview:-1"},"canonical":"https:\/\/ydea.es\/en\/use-it-salamanca\/","og_locale":"en_GB","og_type":"article","og_title":"USE-IT Salamanca - Un mapa de la ciudad aut\u00e9ntico","og_description":"Un mapa, que te va a ense\u00f1ar la ciudad como si tuvieras una persona local a mano. En este mapa no encuentras ning\u00fan \"bull?\"","og_url":"https:\/\/ydea.es\/en\/use-it-salamanca\/","og_site_name":"YDEA - Youth Development Association","article_modified_time":"2021-05-09T11:51:07+00:00","og_image":[{"url":"https:\/\/ydea.es\/wp-content\/uploads\/2021\/05\/USE-IT-mockup-travel-ENG-smaller-1024x683.jpg","type":"","width":"","height":""}],"twitter_card":"summary_large_image","twitter_misc":{"Estimated reading time":"3 minutes"},"schema":{"@context":"https:\/\/schema.org","@graph":[{"@type":"WebPage","@id":"https:\/\/ydea.es\/use-it-salamanca\/","url":"https:\/\/ydea.es\/use-it-salamanca\/","name":"USE-IT Salamanca - Un mapa de la ciudad aut\u00e9ntico","isPartOf":{"@id":"https:\/\/ydea.es\/en\/#website"},"primaryImageOfPage":{"@id":"https:\/\/ydea.es\/use-it-salamanca\/#primaryimage"},"image":{"@id":"https:\/\/ydea.es\/use-it-salamanca\/#primaryimage"},"thumbnailUrl":"https:\/\/ydea.es\/wp-content\/uploads\/2021\/05\/USE-IT-mockup-travel-ENG-smaller-1024x683.jpg","datePublished":"2020-05-08T15:11:30+00:00","dateModified":"2021-05-09T11:51:07+00:00","description":"Un mapa, que te va a ense\u00f1ar la ciudad como si tuvieras una persona local a mano. En este mapa no encuentras ning\u00fan \"bull?\"","breadcrumb":{"@id":"https:\/\/ydea.es\/use-it-salamanca\/#breadcrumb"},"inLanguage":"en-GB","potentialAction":[{"@type":"ReadAction","target":["https:\/\/ydea.es\/use-it-salamanca\/"]}]},{"@type":"ImageObject","inLanguage":"en-GB","@id":"https:\/\/ydea.es\/use-it-salamanca\/#primaryimage","url":"https:\/\/ydea.es\/wp-content\/uploads\/2021\/05\/USE-IT-mockup-travel-ENG-smaller-1024x683.jpg","contentUrl":"https:\/\/ydea.es\/wp-content\/uploads\/2021\/05\/USE-IT-mockup-travel-ENG-smaller-1024x683.jpg"},{"@type":"BreadcrumbList","@id":"https:\/\/ydea.es\/use-it-salamanca\/#breadcrumb","itemListElement":[{"@type":"ListItem","position":1,"name":"Home","item":"https:\/\/ydea.es\/"},{"@type":"ListItem","position":2,"name":"USE-IT Salamanca"}]},{"@type":"WebSite","@id":"https:\/\/ydea.es\/en\/#website","url":"https:\/\/ydea.es\/en\/","name":"YDEA - Youth Development Association","description":"Youth Development Association","publisher":{"@id":"https:\/\/ydea.es\/en\/#organization"},"potentialAction":[{"@type":"SearchAction","target":{"@type":"EntryPoint","urlTemplate":"https:\/\/ydea.es\/en\/?s={search_term_string}"},"query-input":{"@type":"PropertyValueSpecification","valueRequired":true,"valueName":"search_term_string"}}],"inLanguage":"en-GB"},{"@type":"Organization","@id":"https:\/\/ydea.es\/en\/#organization","name":"YDEA - Youth Development Association","url":"https:\/\/ydea.es\/en\/","logo":{"@type":"ImageObject","inLanguage":"en-GB","@id":"https:\/\/ydea.es\/en\/#\/schema\/logo\/image\/","url":"https:\/\/ydea.es\/wp-content\/uploads\/2020\/02\/cropped-YDEA-logo-no-background.png","contentUrl":"https:\/\/ydea.es\/wp-content\/uploads\/2020\/02\/cropped-YDEA-logo-no-background.png","width":500,"height":186,"caption":"YDEA - Youth Development Association"},"image":{"@id":"https:\/\/ydea.es\/en\/#\/schema\/logo\/image\/"}}]}},"_links":{"self":[{"href":"https:\/\/ydea.es\/en\/wp-json\/wp\/v2\/pages\/1039","targetHints":{"allow":["GET"]}}],"collection":[{"href":"https:\/\/ydea.es\/en\/wp-json\/wp\/v2\/pages"}],"about":[{"href":"https:\/\/ydea.es\/en\/wp-json\/wp\/v2\/types\/page"}],"author":[{"embeddable":true,"href":"https:\/\/ydea.es\/en\/wp-json\/wp\/v2\/users\/1"}],"replies":[{"embeddable":true,"href":"https:\/\/ydea.es\/en\/wp-json\/wp\/v2\/comments?post=1039"}],"version-history":[{"count":12,"href":"https:\/\/ydea.es\/en\/wp-json\/wp\/v2\/pages\/1039\/revisions"}],"predecessor-version":[{"id":1144,"href":"https:\/\/ydea.es\/en\/wp-json\/wp\/v2\/pages\/1039\/revisions\/1144"}],"wp:attachment":[{"href":"https:\/\/ydea.es\/en\/wp-json\/wp\/v2\/media?parent=1039"}],"curies":[{"name":"wp","href":"https:\/\/api.w.org\/{rel}","templated":true}]}}