{"id":1319,"date":"2023-09-22T09:24:58","date_gmt":"2023-09-22T09:24:58","guid":{"rendered":"https:\/\/ydea.es\/?page_id=1319"},"modified":"2023-09-26T07:22:17","modified_gmt":"2023-09-26T07:22:17","slug":"piedra-y-pasion-20-anos-de-interes-turistico-internacional","status":"publish","type":"page","link":"https:\/\/ydea.es\/en\/piedra-y-pasion-20-anos-de-interes-turistico-internacional\/","title":{"rendered":"Piedra y Pasi\u00f3n: 20 a\u00f1os de Inter\u00e9s Tur\u00edstico Internacional"},"content":{"rendered":"<blockquote class=\"wp-block-quote has-text-align-center has-medium-font-size is-layout-flow wp-block-quote-is-layout-flow\">\n<p><\/p>\n<cite><strong>De la mano de la Piedra y la Pasi\u00f3n: 20 a\u00f1os, 20 palabras, 20 fotograf\u00edas.<\/strong><br><strong>Una mirada diferente a una tradici\u00f3n centenaria, de la mano de una lengua universal y una ciudad Patrimonio de la Humanidad.<\/strong><\/cite><\/blockquote>\n\n\n\n<p><em><strong>Piedra y Pasi\u00f3n<\/strong><\/em> es una exposici\u00f3n que se centra en los aspectos <strong>patrimoniales<\/strong>, <strong>art\u00edsticos <\/strong>y <strong>folcl\u00f3ricos <\/strong>de la Semana Santa de Salamanca. Declarada en 2003 como <strong>Fiesta de Inter\u00e9s Tur\u00edstico Internacional<\/strong>, se ha celebrado el 20 aniversario dando a conocer el impresionante escenario monumental que ofrece la ciudad (declarada Patrimonio de la Humanidad por la UNESCO), lo art\u00edstico de las tallas (esculturas) que procesionan, los bailes charros, las vestimentas tradicionales, los instrumentos regionales y las tradiciones locales.<\/p>\n\n\n\n<div class=\"wp-block-group\"><div class=\"wp-block-group__inner-container is-layout-flow wp-block-group-is-layout-flow\">\n<h2 class=\"wp-block-heading\">De la mano de la Piedra y la Pasi\u00f3n<\/h2>\n\n\n\n<div class=\"wp-block-media-text is-stacked-on-mobile\"><figure class=\"wp-block-media-text__media\"><img fetchpriority=\"high\" decoding=\"async\" width=\"1024\" height=\"819\" src=\"https:\/\/ydea.es\/wp-content\/uploads\/2023\/07\/Fotos-Expo_-YDEA-1024x819.png\" alt=\"\" class=\"wp-image-1324 size-full\" srcset=\"https:\/\/ydea.es\/wp-content\/uploads\/2023\/07\/Fotos-Expo_-YDEA-1024x819.png 1024w, https:\/\/ydea.es\/wp-content\/uploads\/2023\/07\/Fotos-Expo_-YDEA-300x240.png 300w, https:\/\/ydea.es\/wp-content\/uploads\/2023\/07\/Fotos-Expo_-YDEA-768x614.png 768w, https:\/\/ydea.es\/wp-content\/uploads\/2023\/07\/Fotos-Expo_-YDEA-1536x1229.png 1536w, https:\/\/ydea.es\/wp-content\/uploads\/2023\/07\/Fotos-Expo_-YDEA-15x12.png 15w, https:\/\/ydea.es\/wp-content\/uploads\/2023\/07\/Fotos-Expo_-YDEA-24x19.png 24w, https:\/\/ydea.es\/wp-content\/uploads\/2023\/07\/Fotos-Expo_-YDEA-36x29.png 36w, https:\/\/ydea.es\/wp-content\/uploads\/2023\/07\/Fotos-Expo_-YDEA-48x38.png 48w, https:\/\/ydea.es\/wp-content\/uploads\/2023\/07\/Fotos-Expo_-YDEA.png 2000w\" sizes=\"(max-width: 1024px) 100vw, 1024px\" \/><\/figure><div class=\"wp-block-media-text__content\">\n<p>La exposici\u00f3n ha tenido lugar del 20 de abril al 12 de mayo de 2023 en el <strong>Instituto Cervantes<\/strong> <strong>de Lyon<\/strong>, Francia. A trav\u00e9s de 20 fotograf\u00edas, cedidas por los fot\u00f3grafos Alfonso Barco y Fernando Pena,  se ha dado a conocer una peque\u00f1a muestra del rico vocabulario en espa\u00f1ol existente sobre la Semana Santa; cada una de las instant\u00e1neas ha estado acompa\u00f1ada por una palabra o expresi\u00f3n que la representa y su correspondiente definici\u00f3n, siempre desde el<strong> contexto cultural <\/strong>de la Semana Santa.<\/p>\n\n\n\n<p>Para la selecci\u00f3n de las fotograf\u00edas se ha buscado que reflejen el valor de las im\u00e1genes que son sacadas en procesi\u00f3n, la <strong>Escuela de Imaginer\u00eda de Salamanca<\/strong>, el <strong>entono monumental<\/strong> de los recorridos y el <strong>car\u00e1cter propio salmantino<\/strong>.<\/p>\n\n\n\n<p><\/p>\n<\/div><\/div>\n<\/div><\/div>\n\n\n\n<p><\/p>\n\n\n\n<p>La exposici\u00f3n no s\u00f3lo se ha celebrado en Lyon, tambi\u00e9n en las <strong>redes sociales<\/strong>. Gracias a Internet ha sido posible \u201casistir\u201d a la exposici\u00f3n desde cualquier lugar del mundo, y es posible seguir descubri\u00e9ndola y disfrutando de ella. Te esperamos en <a href=\"https:\/\/www.instagram.com\/piedraypasion\" target=\"_blank\" rel=\"noreferrer noopener\"><strong>Instagram<\/strong><\/a>, <a href=\"https:\/\/www.facebook.com\/piedraypasion\" target=\"_blank\" rel=\"noreferrer noopener\"><strong>Facebook<\/strong><\/a> y <a href=\"https:\/\/twitter.com\/piedraypasion\" target=\"_blank\" rel=\"noreferrer noopener\"><strong>Twitter<\/strong><\/a>.<\/p>\n\n\n\n<p><\/p>\n\n\n\n<h2 class=\"wp-block-heading\">El cat\u00e1logo de la exposici\u00f3n<\/h2>\n\n\n\n<div class=\"wp-block-columns is-layout-flex wp-container-core-columns-is-layout-9d6595d7 wp-block-columns-is-layout-flex\">\n<div class=\"wp-block-column is-layout-flow wp-block-column-is-layout-flow\" style=\"flex-basis:25%\">\n<figure class=\"wp-block-image size-large\" id=\"wp-block-themeisle-blocks-image-cd6f169c\"><a href=\"https:\/\/heyzine.com\/flip-book\/e20688a661.html\" target=\"_blank\" rel=\"noreferrer noopener\"><img decoding=\"async\" width=\"724\" height=\"1024\" src=\"https:\/\/ydea.es\/wp-content\/uploads\/2023\/07\/2-1-724x1024.png\" alt=\"\" class=\"wp-image-1354\" srcset=\"https:\/\/ydea.es\/wp-content\/uploads\/2023\/07\/2-1-724x1024.png 724w, https:\/\/ydea.es\/wp-content\/uploads\/2023\/07\/2-1-212x300.png 212w, https:\/\/ydea.es\/wp-content\/uploads\/2023\/07\/2-1-768x1086.png 768w, https:\/\/ydea.es\/wp-content\/uploads\/2023\/07\/2-1-1086x1536.png 1086w, https:\/\/ydea.es\/wp-content\/uploads\/2023\/07\/2-1-8x12.png 8w, https:\/\/ydea.es\/wp-content\/uploads\/2023\/07\/2-1-17x24.png 17w, https:\/\/ydea.es\/wp-content\/uploads\/2023\/07\/2-1-25x36.png 25w, https:\/\/ydea.es\/wp-content\/uploads\/2023\/07\/2-1-34x48.png 34w, https:\/\/ydea.es\/wp-content\/uploads\/2023\/07\/2-1.png 1414w\" sizes=\"(max-width: 724px) 100vw, 724px\" \/><\/a><\/figure>\n<\/div>\n\n\n\n<div class=\"wp-block-column is-layout-flow wp-block-column-is-layout-flow\" style=\"flex-basis:70%\">\n<p>Por medio del cat\u00e1logo podr\u00e1s descubrir las 20 fotograf\u00edas y expresiones seleccionadas para formar parte de la exposici\u00f3n. Pero tambi\u00e9n podr\u00e1s aprender m\u00e1s acerca de la ciudad, sus <strong>rincones menos conocidos<\/strong>, sus <strong>tradiciones <\/strong>y su <strong>Semana Santa<\/strong>. Con las fotograf\u00edas de la exposici\u00f3n como punto de partida, se han recogido los <strong>aspectos charros<\/strong> de la celebraci\u00f3n, <strong>monumentos y calles con historia<\/strong>, <strong>curiosidades <\/strong>y espacios que no debes perderte en tu visita a <strong>Salamanca<\/strong>.<\/p>\n\n\n\n<h3 class=\"wp-block-heading\">Disponible online y en PDF<\/h3>\n\n\n\n<p>Se han creado dos cat\u00e1logos que puedes <a href=\"https:\/\/linktr.ee\/piedraypasion\" target=\"_blank\" rel=\"noreferrer noopener\">ver online<\/a> o descargarte en PDF. El primero adem\u00e1s de incluir las fotograf\u00edas de la exposici\u00f3n, informaci\u00f3n sobre la celebraci\u00f3n, sobre el patrimonio de Salamanca y sus tradiciones, tiene una peque\u00f1a secci\u00f3n con terminolog\u00eda en espa\u00f1ol sobre la Semana Santa. El segundo es casi id\u00e9ntico, \u00fanicamente no tiene ese peque\u00f1o \u201cdiccionario\u201d.<\/p>\n\n\n\n<div class=\"wp-block-buttons alignwide is-content-justification-center is-layout-flex wp-container-core-buttons-is-layout-16018d1d wp-block-buttons-is-layout-flex\">\n<div class=\"wp-block-button\"><a class=\"wp-block-button__link has-background wp-element-button\" href=\"https:\/\/ydea.es\/wp-content\/uploads\/2023\/07\/CATALOGO-PIEDRA-Y-PASION.pdf\" style=\"background-color:#8c5906ed\" target=\"_blank\" rel=\"noreferrer noopener\">CAT\u00c1LOGO con terminolog\u00eda (PDF)<\/a><\/div>\n\n\n\n<div class=\"wp-block-button\"><a class=\"wp-block-button__link has-background wp-element-button\" href=\"https:\/\/ydea.es\/wp-content\/uploads\/2023\/07\/CATALOGO-PIEDRA-Y-PASION-Sin-terminologia.pdf\" style=\"background-color:#8c5906ed\" target=\"_blank\" rel=\"noreferrer noopener\">CAT\u00c1LOGO sin terminolog\u00eda (PDF)<\/a><\/div>\n<\/div>\n<\/div>\n<\/div>\n\n\n\n<h2 class=\"wp-block-heading\">\u00bfPor qu\u00e9 el idioma como gu\u00eda expositiva?<\/h2>\n\n\n\n<p>El <strong>lenguaje<\/strong>, adem\u00e1s de ser uno de los principales componentes de la cultura, es el principal <strong>medio de reproducci\u00f3n cultural<\/strong>. Por ello, adem\u00e1s de las vertientes monumental y art\u00edstica de la Semana Santa de Salamanca, se ha tenido en cuenta la <strong>vertiente ling\u00fc\u00edstica<\/strong> y se le ha dado un especial protagonismo; las palabras y expresiones se convierten en el <strong>nexo de uni\u00f3n<\/strong> entre religi\u00f3n, tradici\u00f3n, monumentalidad, historia y folclore.<\/p>\n\n\n<div class=\"wp-block-image\">\n<figure class=\"aligncenter size-full\"><img decoding=\"async\" width=\"900\" height=\"300\" src=\"https:\/\/ydea.es\/wp-content\/uploads\/2023\/07\/Diseno-sin-titulo-2.png\" alt=\"\" class=\"wp-image-1388\" srcset=\"https:\/\/ydea.es\/wp-content\/uploads\/2023\/07\/Diseno-sin-titulo-2.png 900w, https:\/\/ydea.es\/wp-content\/uploads\/2023\/07\/Diseno-sin-titulo-2-300x100.png 300w, https:\/\/ydea.es\/wp-content\/uploads\/2023\/07\/Diseno-sin-titulo-2-768x256.png 768w, https:\/\/ydea.es\/wp-content\/uploads\/2023\/07\/Diseno-sin-titulo-2-18x6.png 18w, https:\/\/ydea.es\/wp-content\/uploads\/2023\/07\/Diseno-sin-titulo-2-24x8.png 24w, https:\/\/ydea.es\/wp-content\/uploads\/2023\/07\/Diseno-sin-titulo-2-36x12.png 36w, https:\/\/ydea.es\/wp-content\/uploads\/2023\/07\/Diseno-sin-titulo-2-48x16.png 48w\" sizes=\"(max-width: 900px) 100vw, 900px\" \/><\/figure>\n<\/div>\n\n\n<p><\/p>\n\n\n\n<p><em><strong>Piedra y Pasi\u00f3n<\/strong><\/em> ha estado coorganizada por <strong>YDEA<\/strong>, la asociaci\u00f3n hispano-francesa <strong>Rizomarte <\/strong>y la <strong>Junta de Semana Santa de Salamanca<\/strong>. Ha contado con el apoyo del <strong>Ayuntamiento de Salamanca<\/strong> y <strong>Salamanca Tourism<\/strong>, y la colaboraci\u00f3n del<strong> Instituto Cervantes de Lyon<\/strong>.<\/p>\n\n\n\n<div class=\"wp-block-buttons is-layout-flex wp-block-buttons-is-layout-flex\">\n<div class=\"wp-block-button\"><a class=\"wp-block-button__link wp-element-button\" href=\"https:\/\/ydea.es\/en\/\">Back to top<\/a><\/div>\n<\/div>\n\n\n\n<p><\/p>","protected":false},"excerpt":{"rendered":"<p>De la mano de la Piedra y la Pasi\u00f3n: 20 a\u00f1os, 20 palabras, 20 fotograf\u00edas.Una mirada diferente a una tradici\u00f3n centenaria, de la mano de una lengua universal y una ciudad Patrimonio de la Humanidad. Piedra y Pasi\u00f3n es una exposici\u00f3n que se centra en los aspectos patrimoniales, art\u00edsticos y folcl\u00f3ricos de la Semana Santa&hellip;&nbsp;<a href=\"https:\/\/ydea.es\/en\/piedra-y-pasion-20-anos-de-interes-turistico-internacional\/\" rel=\"bookmark\">Read More &raquo;<span class=\"screen-reader-text\">Piedra y Pasi\u00f3n: 20 a\u00f1os de Inter\u00e9s Tur\u00edstico Internacional<\/span><\/a><\/p>","protected":false},"author":1,"featured_media":0,"parent":0,"menu_order":0,"comment_status":"closed","ping_status":"closed","template":"","meta":{"neve_meta_sidebar":"full-width","neve_meta_container":"","neve_meta_enable_content_width":"on","neve_meta_content_width":100,"neve_meta_title_alignment":"","neve_meta_author_avatar":"","neve_post_elements_order":"","neve_meta_disable_header":"","neve_meta_disable_footer":"","neve_meta_disable_title":"","_themeisle_gutenberg_block_has_review":false,"footnotes":""},"class_list":["post-1319","page","type-page","status-publish","hentry"],"yoast_head":"<!-- This site is optimized with the Yoast SEO plugin v27.4 - https:\/\/yoast.com\/product\/yoast-seo-wordpress\/ -->\n<title>Piedra y Pasi\u00f3n: 20 a\u00f1os de Inter\u00e9s Tur\u00edstico Internacional -<\/title>\n<meta name=\"description\" content=\"Piedra y Pasi\u00f3n es una exposici\u00f3n que se centra en los aspectos patrimoniales, art\u00edsticos y folcl\u00f3ricos de la Semana Santa de Salamanca.\" \/>\n<meta name=\"robots\" content=\"index, follow, max-snippet:-1, max-image-preview:large, max-video-preview:-1\" \/>\n<link rel=\"canonical\" href=\"https:\/\/ydea.es\/en\/piedra-y-pasion-20-anos-de-interes-turistico-internacional\/\" \/>\n<meta property=\"og:locale\" content=\"en_GB\" \/>\n<meta property=\"og:type\" content=\"article\" \/>\n<meta property=\"og:title\" content=\"Piedra y Pasi\u00f3n: 20 a\u00f1os de Inter\u00e9s Tur\u00edstico Internacional -\" \/>\n<meta property=\"og:description\" content=\"Piedra y Pasi\u00f3n es una exposici\u00f3n que se centra en los aspectos patrimoniales, art\u00edsticos y folcl\u00f3ricos de la Semana Santa de Salamanca.\" \/>\n<meta property=\"og:url\" content=\"https:\/\/ydea.es\/en\/piedra-y-pasion-20-anos-de-interes-turistico-internacional\/\" \/>\n<meta property=\"og:site_name\" content=\"YDEA - Youth Development Association\" \/>\n<meta property=\"article:modified_time\" content=\"2023-09-26T07:22:17+00:00\" \/>\n<meta property=\"og:image\" content=\"https:\/\/ydea.es\/wp-content\/uploads\/2023\/07\/Fotos-Expo_-YDEA-1024x819.png\" \/>\n<meta name=\"twitter:card\" content=\"summary_large_image\" \/>\n<meta name=\"twitter:label1\" content=\"Estimated reading time\" \/>\n\t<meta name=\"twitter:data1\" content=\"3 minutes\" \/>\n<script type=\"application\/ld+json\" class=\"yoast-schema-graph\">{\"@context\":\"https:\\\/\\\/schema.org\",\"@graph\":[{\"@type\":\"WebPage\",\"@id\":\"https:\\\/\\\/ydea.es\\\/piedra-y-pasion-20-anos-de-interes-turistico-internacional\\\/\",\"url\":\"https:\\\/\\\/ydea.es\\\/piedra-y-pasion-20-anos-de-interes-turistico-internacional\\\/\",\"name\":\"Piedra y Pasi\u00f3n: 20 a\u00f1os de Inter\u00e9s Tur\u00edstico Internacional -\",\"isPartOf\":{\"@id\":\"https:\\\/\\\/ydea.es\\\/en\\\/#website\"},\"primaryImageOfPage\":{\"@id\":\"https:\\\/\\\/ydea.es\\\/piedra-y-pasion-20-anos-de-interes-turistico-internacional\\\/#primaryimage\"},\"image\":{\"@id\":\"https:\\\/\\\/ydea.es\\\/piedra-y-pasion-20-anos-de-interes-turistico-internacional\\\/#primaryimage\"},\"thumbnailUrl\":\"https:\\\/\\\/ydea.es\\\/wp-content\\\/uploads\\\/2023\\\/07\\\/Fotos-Expo_-YDEA-1024x819.png\",\"datePublished\":\"2023-09-22T09:24:58+00:00\",\"dateModified\":\"2023-09-26T07:22:17+00:00\",\"description\":\"Piedra y Pasi\u00f3n es una exposici\u00f3n que se centra en los aspectos patrimoniales, art\u00edsticos y folcl\u00f3ricos de la Semana Santa de Salamanca.\",\"breadcrumb\":{\"@id\":\"https:\\\/\\\/ydea.es\\\/piedra-y-pasion-20-anos-de-interes-turistico-internacional\\\/#breadcrumb\"},\"inLanguage\":\"en-GB\",\"potentialAction\":[{\"@type\":\"ReadAction\",\"target\":[\"https:\\\/\\\/ydea.es\\\/piedra-y-pasion-20-anos-de-interes-turistico-internacional\\\/\"]}]},{\"@type\":\"ImageObject\",\"inLanguage\":\"en-GB\",\"@id\":\"https:\\\/\\\/ydea.es\\\/piedra-y-pasion-20-anos-de-interes-turistico-internacional\\\/#primaryimage\",\"url\":\"https:\\\/\\\/ydea.es\\\/wp-content\\\/uploads\\\/2023\\\/07\\\/Fotos-Expo_-YDEA-1024x819.png\",\"contentUrl\":\"https:\\\/\\\/ydea.es\\\/wp-content\\\/uploads\\\/2023\\\/07\\\/Fotos-Expo_-YDEA-1024x819.png\"},{\"@type\":\"BreadcrumbList\",\"@id\":\"https:\\\/\\\/ydea.es\\\/piedra-y-pasion-20-anos-de-interes-turistico-internacional\\\/#breadcrumb\",\"itemListElement\":[{\"@type\":\"ListItem\",\"position\":1,\"name\":\"Home\",\"item\":\"https:\\\/\\\/ydea.es\\\/\"},{\"@type\":\"ListItem\",\"position\":2,\"name\":\"Piedra y Pasi\u00f3n: 20 a\u00f1os de Inter\u00e9s Tur\u00edstico Internacional\"}]},{\"@type\":\"WebSite\",\"@id\":\"https:\\\/\\\/ydea.es\\\/en\\\/#website\",\"url\":\"https:\\\/\\\/ydea.es\\\/en\\\/\",\"name\":\"YDEA - Youth Development Association\",\"description\":\"Youth Development Association\",\"publisher\":{\"@id\":\"https:\\\/\\\/ydea.es\\\/en\\\/#organization\"},\"potentialAction\":[{\"@type\":\"SearchAction\",\"target\":{\"@type\":\"EntryPoint\",\"urlTemplate\":\"https:\\\/\\\/ydea.es\\\/en\\\/?s={search_term_string}\"},\"query-input\":{\"@type\":\"PropertyValueSpecification\",\"valueRequired\":true,\"valueName\":\"search_term_string\"}}],\"inLanguage\":\"en-GB\"},{\"@type\":\"Organization\",\"@id\":\"https:\\\/\\\/ydea.es\\\/en\\\/#organization\",\"name\":\"YDEA - Youth Development Association\",\"url\":\"https:\\\/\\\/ydea.es\\\/en\\\/\",\"logo\":{\"@type\":\"ImageObject\",\"inLanguage\":\"en-GB\",\"@id\":\"https:\\\/\\\/ydea.es\\\/en\\\/#\\\/schema\\\/logo\\\/image\\\/\",\"url\":\"https:\\\/\\\/ydea.es\\\/wp-content\\\/uploads\\\/2020\\\/02\\\/cropped-YDEA-logo-no-background.png\",\"contentUrl\":\"https:\\\/\\\/ydea.es\\\/wp-content\\\/uploads\\\/2020\\\/02\\\/cropped-YDEA-logo-no-background.png\",\"width\":500,\"height\":186,\"caption\":\"YDEA - Youth Development Association\"},\"image\":{\"@id\":\"https:\\\/\\\/ydea.es\\\/en\\\/#\\\/schema\\\/logo\\\/image\\\/\"}}]}<\/script>\n<!-- \/ Yoast SEO plugin. -->","yoast_head_json":{"title":"Piedra y Pasi\u00f3n: 20 a\u00f1os de Inter\u00e9s Tur\u00edstico Internacional -","description":"Piedra y Pasi\u00f3n es una exposici\u00f3n que se centra en los aspectos patrimoniales, art\u00edsticos y folcl\u00f3ricos de la Semana Santa de Salamanca.","robots":{"index":"index","follow":"follow","max-snippet":"max-snippet:-1","max-image-preview":"max-image-preview:large","max-video-preview":"max-video-preview:-1"},"canonical":"https:\/\/ydea.es\/en\/piedra-y-pasion-20-anos-de-interes-turistico-internacional\/","og_locale":"en_GB","og_type":"article","og_title":"Piedra y Pasi\u00f3n: 20 a\u00f1os de Inter\u00e9s Tur\u00edstico Internacional -","og_description":"Piedra y Pasi\u00f3n es una exposici\u00f3n que se centra en los aspectos patrimoniales, art\u00edsticos y folcl\u00f3ricos de la Semana Santa de Salamanca.","og_url":"https:\/\/ydea.es\/en\/piedra-y-pasion-20-anos-de-interes-turistico-internacional\/","og_site_name":"YDEA - Youth Development Association","article_modified_time":"2023-09-26T07:22:17+00:00","og_image":[{"url":"https:\/\/ydea.es\/wp-content\/uploads\/2023\/07\/Fotos-Expo_-YDEA-1024x819.png","type":"","width":"","height":""}],"twitter_card":"summary_large_image","twitter_misc":{"Estimated reading time":"3 minutes"},"schema":{"@context":"https:\/\/schema.org","@graph":[{"@type":"WebPage","@id":"https:\/\/ydea.es\/piedra-y-pasion-20-anos-de-interes-turistico-internacional\/","url":"https:\/\/ydea.es\/piedra-y-pasion-20-anos-de-interes-turistico-internacional\/","name":"Piedra y Pasi\u00f3n: 20 a\u00f1os de Inter\u00e9s Tur\u00edstico Internacional -","isPartOf":{"@id":"https:\/\/ydea.es\/en\/#website"},"primaryImageOfPage":{"@id":"https:\/\/ydea.es\/piedra-y-pasion-20-anos-de-interes-turistico-internacional\/#primaryimage"},"image":{"@id":"https:\/\/ydea.es\/piedra-y-pasion-20-anos-de-interes-turistico-internacional\/#primaryimage"},"thumbnailUrl":"https:\/\/ydea.es\/wp-content\/uploads\/2023\/07\/Fotos-Expo_-YDEA-1024x819.png","datePublished":"2023-09-22T09:24:58+00:00","dateModified":"2023-09-26T07:22:17+00:00","description":"Piedra y Pasi\u00f3n es una exposici\u00f3n que se centra en los aspectos patrimoniales, art\u00edsticos y folcl\u00f3ricos de la Semana Santa de Salamanca.","breadcrumb":{"@id":"https:\/\/ydea.es\/piedra-y-pasion-20-anos-de-interes-turistico-internacional\/#breadcrumb"},"inLanguage":"en-GB","potentialAction":[{"@type":"ReadAction","target":["https:\/\/ydea.es\/piedra-y-pasion-20-anos-de-interes-turistico-internacional\/"]}]},{"@type":"ImageObject","inLanguage":"en-GB","@id":"https:\/\/ydea.es\/piedra-y-pasion-20-anos-de-interes-turistico-internacional\/#primaryimage","url":"https:\/\/ydea.es\/wp-content\/uploads\/2023\/07\/Fotos-Expo_-YDEA-1024x819.png","contentUrl":"https:\/\/ydea.es\/wp-content\/uploads\/2023\/07\/Fotos-Expo_-YDEA-1024x819.png"},{"@type":"BreadcrumbList","@id":"https:\/\/ydea.es\/piedra-y-pasion-20-anos-de-interes-turistico-internacional\/#breadcrumb","itemListElement":[{"@type":"ListItem","position":1,"name":"Home","item":"https:\/\/ydea.es\/"},{"@type":"ListItem","position":2,"name":"Piedra y Pasi\u00f3n: 20 a\u00f1os de Inter\u00e9s Tur\u00edstico Internacional"}]},{"@type":"WebSite","@id":"https:\/\/ydea.es\/en\/#website","url":"https:\/\/ydea.es\/en\/","name":"YDEA - Youth Development Association","description":"Youth Development Association","publisher":{"@id":"https:\/\/ydea.es\/en\/#organization"},"potentialAction":[{"@type":"SearchAction","target":{"@type":"EntryPoint","urlTemplate":"https:\/\/ydea.es\/en\/?s={search_term_string}"},"query-input":{"@type":"PropertyValueSpecification","valueRequired":true,"valueName":"search_term_string"}}],"inLanguage":"en-GB"},{"@type":"Organization","@id":"https:\/\/ydea.es\/en\/#organization","name":"YDEA - Youth Development Association","url":"https:\/\/ydea.es\/en\/","logo":{"@type":"ImageObject","inLanguage":"en-GB","@id":"https:\/\/ydea.es\/en\/#\/schema\/logo\/image\/","url":"https:\/\/ydea.es\/wp-content\/uploads\/2020\/02\/cropped-YDEA-logo-no-background.png","contentUrl":"https:\/\/ydea.es\/wp-content\/uploads\/2020\/02\/cropped-YDEA-logo-no-background.png","width":500,"height":186,"caption":"YDEA - Youth Development Association"},"image":{"@id":"https:\/\/ydea.es\/en\/#\/schema\/logo\/image\/"}}]}},"_links":{"self":[{"href":"https:\/\/ydea.es\/en\/wp-json\/wp\/v2\/pages\/1319","targetHints":{"allow":["GET"]}}],"collection":[{"href":"https:\/\/ydea.es\/en\/wp-json\/wp\/v2\/pages"}],"about":[{"href":"https:\/\/ydea.es\/en\/wp-json\/wp\/v2\/types\/page"}],"author":[{"embeddable":true,"href":"https:\/\/ydea.es\/en\/wp-json\/wp\/v2\/users\/1"}],"replies":[{"embeddable":true,"href":"https:\/\/ydea.es\/en\/wp-json\/wp\/v2\/comments?post=1319"}],"version-history":[{"count":44,"href":"https:\/\/ydea.es\/en\/wp-json\/wp\/v2\/pages\/1319\/revisions"}],"predecessor-version":[{"id":1436,"href":"https:\/\/ydea.es\/en\/wp-json\/wp\/v2\/pages\/1319\/revisions\/1436"}],"wp:attachment":[{"href":"https:\/\/ydea.es\/en\/wp-json\/wp\/v2\/media?parent=1319"}],"curies":[{"name":"wp","href":"https:\/\/api.w.org\/{rel}","templated":true}]}}